{"id":100,"date":"2015-07-30T17:36:48","date_gmt":"2015-07-30T15:36:48","guid":{"rendered":"http:\/\/leipzigdesign.de\/th_web\/?page_id=100"},"modified":"2015-10-09T13:00:16","modified_gmt":"2015-10-09T11:00:16","slug":"willkommen","status":"publish","type":"page","link":"https:\/\/leipzigdesign.de\/","title":{"rendered":"\u00bbGUTE GESTALTUNG HEISST NICHT INS AUGE ZU FALLEN, SONDERN IM GED\u00c4CHTNIS ZU BLEIBEN\u00ab"},"content":{"rendered":"<p>Sympathie und Aufmerksamkeit mu\u00df man pflegen, um sie sich zu bewahren. Wer stehenbleibt wird im hart umk\u00e4mpften Markt f\u00fcr potentielle Kunden uninteressant. Ideen und deren kreative Umsetzung in der Praxis, immer auf der Suche nach neuen Wegen, ohne das gemeinsame Ziel aus den Augen zu verlieren ist wichtiger, als Ihnen durch gro\u00dfz\u00fcgige Rabatte halbe Sachen zu verkaufen. Wir bieten Ihnen Kreativit\u00e4t. Ideen. Design \u2026<\/p>\n","protected":false},"excerpt":{"rendered":"<p>Sympathie und Aufmerksamkeit mu\u00df man pflegen, um sie sich zu bewahren. Wer stehenbleibt wird im hart umk\u00e4mpften Markt f\u00fcr potentielle Kunden uninteressant. Ideen und deren kreative Umsetzung in der Praxis, immer auf der Suche nach neuen Wegen, ohne das gemeinsame Ziel aus den Augen zu verlieren ist wichtiger, als Ihnen durch gro\u00dfz\u00fcgige Rabatte halbe Sachen [&hellip;]<\/p>\n","protected":false},"author":2,"featured_media":132,"parent":0,"menu_order":0,"comment_status":"closed","ping_status":"closed","template":"","meta":[],"_links":{"self":[{"href":"https:\/\/leipzigdesign.de\/index.php?rest_route=\/wp\/v2\/pages\/100"}],"collection":[{"href":"https:\/\/leipzigdesign.de\/index.php?rest_route=\/wp\/v2\/pages"}],"about":[{"href":"https:\/\/leipzigdesign.de\/index.php?rest_route=\/wp\/v2\/types\/page"}],"author":[{"embeddable":true,"href":"https:\/\/leipzigdesign.de\/index.php?rest_route=\/wp\/v2\/users\/2"}],"replies":[{"embeddable":true,"href":"https:\/\/leipzigdesign.de\/index.php?rest_route=%2Fwp%2Fv2%2Fcomments&post=100"}],"version-history":[{"count":8,"href":"https:\/\/leipzigdesign.de\/index.php?rest_route=\/wp\/v2\/pages\/100\/revisions"}],"predecessor-version":[{"id":362,"href":"https:\/\/leipzigdesign.de\/index.php?rest_route=\/wp\/v2\/pages\/100\/revisions\/362"}],"wp:featuredmedia":[{"embeddable":true,"href":"https:\/\/leipzigdesign.de\/index.php?rest_route=\/wp\/v2\/media\/132"}],"wp:attachment":[{"href":"https:\/\/leipzigdesign.de\/index.php?rest_route=%2Fwp%2Fv2%2Fmedia&parent=100"}],"curies":[{"name":"wp","href":"https:\/\/api.w.org\/{rel}","templated":true}]}}